{"id":21,"date":"2020-03-10T10:46:27","date_gmt":"2020-03-10T10:46:27","guid":{"rendered":"https:\/\/www.perconsa.es\/?page_id=21"},"modified":"2022-08-31T09:56:10","modified_gmt":"2022-08-31T09:56:10","slug":"acerca-de","status":"publish","type":"page","link":"https:\/\/www.perconsa.es\/?page_id=21","title":{"rendered":"CURR\u00cdCULO DE \u00daLTIMAS OBRAS"},"content":{"rendered":"\n<p class=\"has-text-align-center\"><strong>2019<\/strong><\/p>\n\n\n\n<p>84 viviendas en San Sebasti\u00e1n de los Reyes para Cl\u00e1sica Urbana<\/p>\n\n\n\n<p>81 viviendas en Alcal\u00e1 de Henares para Sorigu\u00e9<\/p>\n\n\n\n<p>150 viviendas en Las Rozas para Amenabar<\/p>\n\n\n\n<p>150 viviendas en Valdebebas para Gestilar<\/p>\n\n\n\n<p>Sedes Judiciales en Alcal\u00e1 de Henares para VIAS  <\/p>\n\n\n\n<p>Vivienda unifamiliar y despacho en H\u00famera para Viucorp <\/p>\n\n\n\n<p>Ciudad del Deporte de Boadilla del Monte para Dragados<\/p>\n\n\n\n<p>82 viviendas en Ciudad Real para Asentis Plus<\/p>\n\n\n\n<p class=\"has-text-align-center\"><strong>2020<\/strong><\/p>\n\n\n\n<p>102 Viviendas en Torrej\u00f3n de Ardoz para Azvi<\/p>\n\n\n\n<p>Hotel OD **** en Plaza de Isabel II de Madrid para Akko Building<\/p>\n\n\n\n<p>14 viviendas en Pozuelo de Alarc\u00f3n para Ruesma<\/p>\n\n\n\n<p>Cimentaci\u00f3n del Edificio Magdalena en el futuro Campus de Acciona<\/p>\n\n\n\n<p>Reconstrucci\u00f3n de estructura en Edificio Cantabria en el futuro Campus Acciona<\/p>\n\n\n\n<p>Reconstrucci\u00f3n de estructura en Edificio Pedre\u00f1a en el futuro Campus Acciona <\/p>\n\n\n\n<p class=\"has-text-align-center\"><strong>2021<\/strong><\/p>\n\n\n\n<p>62 viviendas unifamiliares en Colmenar Viejo para Asentis Plus<\/p>\n\n\n\n<p>Edificio Torre de Valores en el futuro Campus Acciona<\/p>\n\n\n\n<p>Centro de d\u00eda para enfermos de Alzheimer en Segovia para Efiko<\/p>\n\n\n\n<p>76 viviendas en Illescas para Covef<\/p>\n\n\n\n<p class=\"has-text-align-center\"><strong>2022<\/strong><\/p>\n\n\n\n<p>75 viviendas en Getafe para Rubau<\/p>\n\n\n\n<p>Edificio Trainera en el futuro Campus Acciona<\/p>\n\n\n\n<p>51 viviendas en Torrej\u00f3n para Opa\u00edn<\/p>\n\n\n\n<p>121 viviendas en Torrej\u00f3n para ACR<\/p>\n\n\n\n<p> Reconstrucci\u00f3n de estructura en Edificio Magdalena en el futuro Campus Acciona <\/p>\n","protected":false},"excerpt":{"rendered":"<p>2019 84 viviendas en San Sebasti\u00e1n de los Reyes para Cl\u00e1sica Urbana 81 viviendas en Alcal\u00e1 de Henares para Sorigu\u00e9 150 viviendas en Las Rozas para Amenabar 150 viviendas en Valdebebas para Gestilar Sedes Judiciales en Alcal\u00e1 de Henares para VIAS Vivienda unifamiliar y despacho en H\u00famera para Viucorp Ciudad del Deporte de Boadilla del &hellip; <\/p>\n<p class=\"link-more\"><a href=\"https:\/\/www.perconsa.es\/?page_id=21\" class=\"more-link\">Continuar leyendo<span class=\"screen-reader-text\"> \u00abCURR\u00cdCULO DE \u00daLTIMAS OBRAS\u00bb<\/span><\/a><\/p>\n","protected":false},"author":1,"featured_media":0,"parent":0,"menu_order":0,"comment_status":"closed","ping_status":"closed","template":"","meta":[],"_links":{"self":[{"href":"https:\/\/www.perconsa.es\/index.php?rest_route=\/wp\/v2\/pages\/21"}],"collection":[{"href":"https:\/\/www.perconsa.es\/index.php?rest_route=\/wp\/v2\/pages"}],"about":[{"href":"https:\/\/www.perconsa.es\/index.php?rest_route=\/wp\/v2\/types\/page"}],"author":[{"embeddable":true,"href":"https:\/\/www.perconsa.es\/index.php?rest_route=\/wp\/v2\/users\/1"}],"replies":[{"embeddable":true,"href":"https:\/\/www.perconsa.es\/index.php?rest_route=%2Fwp%2Fv2%2Fcomments&post=21"}],"version-history":[{"count":8,"href":"https:\/\/www.perconsa.es\/index.php?rest_route=\/wp\/v2\/pages\/21\/revisions"}],"predecessor-version":[{"id":165,"href":"https:\/\/www.perconsa.es\/index.php?rest_route=\/wp\/v2\/pages\/21\/revisions\/165"}],"wp:attachment":[{"href":"https:\/\/www.perconsa.es\/index.php?rest_route=%2Fwp%2Fv2%2Fmedia&parent=21"}],"curies":[{"name":"wp","href":"https:\/\/api.w.org\/{rel}","templated":true}]}}